{"id":516,"date":"2022-06-02T09:20:52","date_gmt":"2022-06-02T07:20:52","guid":{"rendered":"https:\/\/lindebergfurniture.ee\/?page_id=516"},"modified":"2024-09-16T13:13:46","modified_gmt":"2024-09-16T11:13:46","slug":"hinnaparing","status":"publish","type":"page","link":"https:\/\/lindebergfurniture.ee\/ru\/hinnaparing\/","title":{"rendered":"Vastame p\u00e4ringule j\u00e4rgmisel t\u00f6\u00f6p\u00e4eval"},"content":{"rendered":"<div data-elementor-type=\"wp-page\" data-elementor-id=\"516\" class=\"elementor elementor-516\">\n\t\t\t\t\t\t<section class=\"elementor-section elementor-top-section elementor-element elementor-element-e062d7a tm-column-break-ipad-no tm-col-stretched-none elementor-section-boxed elementor-section-height-default elementor-section-height-default\" data-id=\"e062d7a\" data-element_type=\"section\" data-e-type=\"section\">\n\t\t\t\t\t\t<div class=\"elementor-container elementor-column-gap-default\">\n\t\t\t\t\t<div class=\"elementor-column elementor-col-50 elementor-top-column elementor-element elementor-element-ffaa241\" data-id=\"ffaa241\" data-element_type=\"column\" data-e-type=\"column\">\n\t\t\t<div class=\"elementor-widget-wrap elementor-element-populated\">\n\t\t\t\t\t\t<div class=\"elementor-element elementor-element-79f8c57 elementor-widget elementor-widget-spacer\" data-id=\"79f8c57\" data-element_type=\"widget\" data-e-type=\"widget\" data-widget_type=\"spacer.default\">\n\t\t\t\t<div class=\"elementor-widget-container\">\n\t\t\t\t\t\t\t<div class=\"elementor-spacer\">\n\t\t\t<div class=\"elementor-spacer-inner\"><\/div>\n\t\t<\/div>\n\t\t\t\t\t\t<\/div>\n\t\t\t\t<\/div>\n\t\t\t\t<div class=\"elementor-element elementor-element-de3c41d elementor-widget elementor-widget-image\" data-id=\"de3c41d\" data-element_type=\"widget\" data-e-type=\"widget\" data-widget_type=\"image.default\">\n\t\t\t\t<div class=\"elementor-widget-container\">\n\t\t\t\t\t\t\t\t\t\t\t\t\t\t\t<img fetchpriority=\"high\" decoding=\"async\" width=\"768\" height=\"1366\" src=\"https:\/\/lindebergfurniture.ee\/wp-content\/uploads\/2022\/06\/Hinnapa\u0308rin2o\u0303.png\" class=\"attachment-1536x1536 size-1536x1536 wp-image-11590\" alt=\"\" srcset=\"https:\/\/lindebergfurniture.ee\/wp-content\/uploads\/2022\/06\/Hinnapa\u0308rin2o\u0303.png 768w, https:\/\/lindebergfurniture.ee\/wp-content\/uploads\/2022\/06\/Hinnapa\u0308rin2o\u0303-169x300.png 169w, https:\/\/lindebergfurniture.ee\/wp-content\/uploads\/2022\/06\/Hinnapa\u0308rin2o\u0303-576x1024.png 576w\" sizes=\"(max-width: 768px) 100vw, 768px\" data-id=\"11590\" \/>\t\t\t\t\t\t\t\t\t\t\t\t\t\t\t<\/div>\n\t\t\t\t<\/div>\n\t\t\t\t\t<\/div>\n\t\t<\/div>\n\t\t\t\t<div class=\"elementor-column elementor-col-50 elementor-top-column elementor-element elementor-element-356d1a5\" data-id=\"356d1a5\" data-element_type=\"column\" data-e-type=\"column\">\n\t\t\t<div class=\"elementor-widget-wrap elementor-element-populated\">\n\t\t\t\t\t\t<div class=\"elementor-element elementor-element-49d6a47 elementor-widget elementor-widget-text-editor\" data-id=\"49d6a47\" data-element_type=\"widget\" data-e-type=\"widget\" data-widget_type=\"text-editor.default\">\n\t\t\t\t<div class=\"elementor-widget-container\">\n\t\t\t\t\t\t\t\t\t<p>\u0421\u043e\u0437\u0434\u0430\u043d\u0438\u0435 \u0434\u0438\u0437\u0430\u0439\u043d\u0430 \u043d\u0430\u0447\u043d\u0438\u0442\u0435 \u0441 \u043f\u0440\u043e\u0434\u0443\u043c\u044b\u0432\u0430\u043d\u0438\u044f \u0440\u0430\u0437\u043c\u0435\u0440\u043e\u0432 \u0438 \u043f\u043e\u043c\u0435\u0449\u0435\u043d\u0438\u044f, \u0430 \u0442\u0430\u043a\u0436\u0435 \u043c\u0430\u0442\u0435\u0440\u0438\u0430\u043b\u043e\u0432 \u0438 \u043a\u0440\u0430\u0441\u043e\u043a. \u041c\u0435\u0431\u0435\u043b\u044c \u0434\u043e\u043b\u0436\u043d\u0430 \u0442\u043e\u0447\u043d\u043e \u043f\u043e\u0434\u0445\u043e\u0434\u0438\u0442\u044c \u0434\u043b\u044f \u0432\u0430\u0448\u0435\u0433\u043e \u0434\u043e\u043c\u0430. \u0415\u0441\u043b\u0438 \u0432\u044b \u0432 \u0447\u0435\u043c-\u0442\u043e \u043d\u0435 \u0443\u0432\u0435\u0440\u0435\u043d\u044b, \u043e\u0431\u0441\u0443\u0434\u0438\u0442\u0435 \u0441 \u043d\u0430\u0448\u0435\u0439 \u043a\u043e\u043c\u0430\u043d\u0434\u043e\u0439, \u043a\u0430\u043a \u043d\u0430\u0438\u043b\u0443\u0447\u0448\u0438\u043c \u043e\u0431\u0440\u0430\u0437\u043e\u043c \u0441\u0432\u044f\u0437\u0430\u0442\u044c \u0438 \u043e\u043f\u0442\u0438\u043c\u0438\u0437\u0438\u0440\u043e\u0432\u0430\u0442\u044c \u043f\u0440\u043e\u0441\u0442\u0440\u0430\u043d\u0441\u0442\u0432\u043e.<\/p>\t\t\t\t\t\t\t\t<\/div>\n\t\t\t\t<\/div>\n\t\t\t\t<div class=\"elementor-element elementor-element-ee655fc elementor-widget elementor-widget-shortcode\" data-id=\"ee655fc\" data-element_type=\"widget\" data-e-type=\"widget\" data-widget_type=\"shortcode.default\">\n\t\t\t\t<div class=\"elementor-widget-container\">\n\t\t\t\t\t\t\t<div class=\"elementor-shortcode\">\n<div class=\"wpcf7 no-js\" id=\"wpcf7-f522-o1\" lang=\"et\" dir=\"ltr\" data-wpcf7-id=\"522\">\n<div class=\"screen-reader-response\"><p role=\"status\" aria-live=\"polite\" aria-atomic=\"true\"><\/p> <ul><\/ul><\/div>\n<form action=\"\/ru\/wp-json\/wp\/v2\/pages\/516#wpcf7-f522-o1\" method=\"post\" class=\"wpcf7-form init\" aria-label=\"Contact form\" novalidate=\"novalidate\" data-status=\"init\" data-trp-original-action=\"\/ru\/wp-json\/wp\/v2\/pages\/516#wpcf7-f522-o1\">\n<fieldset class=\"hidden-fields-container\"><input type=\"hidden\" name=\"_wpcf7\" value=\"522\" \/><input type=\"hidden\" name=\"_wpcf7_version\" value=\"6.1.5\" \/><input type=\"hidden\" name=\"_wpcf7_locale\" value=\"et\" \/><input type=\"hidden\" name=\"_wpcf7_unit_tag\" value=\"wpcf7-f522-o1\" \/><input type=\"hidden\" name=\"_wpcf7_container_post\" value=\"0\" \/><input type=\"hidden\" name=\"_wpcf7_posted_data_hash\" value=\"\" \/><input type=\"hidden\" name=\"_wpcf7_recaptcha_response\" value=\"\" \/>\n<\/fieldset>\n<p><label> \u041e\u043f\u0438\u0441\u0430\u043d\u0438\u0435<br \/>\n<span class=\"wpcf7-form-control-wrap\" data-name=\"your-message\"><textarea cols=\"40\" rows=\"10\" maxlength=\"2000\" class=\"wpcf7-form-control wpcf7-textarea\" aria-invalid=\"false\" name=\"your-message\"><\/textarea><\/span> <\/label>\n<\/p>\n<p><label> \u0418\u043c\u044f*<br \/>\n<span class=\"wpcf7-form-control-wrap\" data-name=\"your-name\"><input size=\"40\" maxlength=\"400\" class=\"wpcf7-form-control wpcf7-text wpcf7-validates-as-required\" aria-required=\"true\" aria-invalid=\"false\" value=\"\" type=\"text\" name=\"your-name\" \/><\/span> <\/label>\n<\/p>\n<p><label> \u042d\u043b. \u043f\u043e\u0447\u0442\u0430*<br \/>\n<span class=\"wpcf7-form-control-wrap\" data-name=\"your-email\"><input size=\"40\" maxlength=\"400\" class=\"wpcf7-form-control wpcf7-email wpcf7-validates-as-required wpcf7-text wpcf7-validates-as-email\" aria-required=\"true\" aria-invalid=\"false\" value=\"\" type=\"email\" name=\"your-email\" \/><\/span> <\/label>\n<\/p>\n<p><label> \u0422\u0435\u043b\u0435\u0444\u043e\u043d<br \/>\n<span class=\"wpcf7-form-control-wrap\" data-name=\"your-phone\"><input size=\"40\" maxlength=\"400\" class=\"wpcf7-form-control wpcf7-tel wpcf7-text wpcf7-validates-as-tel\" aria-invalid=\"false\" value=\"\" type=\"tel\" name=\"your-phone\" \/><\/span> <\/label>\n<\/p>\n<p><label> \u0427\u0435\u0440\u0442\u0435\u0436\u0438 \u0438 \u0441\u0445\u0435\u043c\u044b (\u043c\u0430\u043a\u0441. 10 \u041c\u0431)<br \/>\n<span class=\"wpcf7-form-control-wrap\" data-name=\"upload-file-669\"><input size=\"40\" class=\"wpcf7-form-control wpcf7-drag-n-drop-file d-none\" aria-invalid=\"false\" type=\"file\" multiple=\"multiple\" data-name=\"upload-file-669\" data-limit=\"10000000\" data-max=\"10\" data-id=\"522\" data-version=\"free version 1.3.9.7\" accept=\".\" \/><\/span> <\/label>\n<\/p>\n<p><input class=\"wpcf7-form-control wpcf7-submit has-spinner\" type=\"submit\" value=\"Saada\" \/>\n<\/p>\n<p><!--\n<\/p>\n<p class=\"has-small-font-size\">Seda saiti kaitsevad reCAPTCHA ja Google<br \/>\n<a href=\"https:\/\/policies.google.com\/privacy\" data-type=\"URL\" data-id=\"https:\/\/policies.google.com\/privacy\">Privaatsuspoliitika<\/a> ja<br \/>\nKehtivad <a href=\"https:\/\/policies.google.com\/terms\" data-type=\"URL\" data-id=\"https:\/\/policies.google.com\/terms\">teenusetingimused<\/a>.\n<\/p>\n<p>--!>\n<\/p><div class=\"wpcf7-response-output\" aria-hidden=\"true\"><\/div>\n<input type=\"hidden\" name=\"trp-form-language\" value=\"ru\"\/><\/form>\n<\/div>\n<\/div>\n\t\t\t\t\t\t<\/div>\n\t\t\t\t<\/div>\n\t\t\t\t\t<\/div>\n\t\t<\/div>\n\t\t\t\t\t<\/div>\n\t\t<\/section>\n\t\t\t\t<\/div>","protected":false},"excerpt":{"rendered":"<p>\u0421\u043e\u0437\u0434\u0430\u043d\u0438\u0435 \u0434\u0438\u0437\u0430\u0439\u043d\u0430 \u043d\u0430\u0447\u043d\u0438\u0442\u0435 \u0441 \u043f\u0440\u043e\u0434\u0443\u043c\u044b\u0432\u0430\u043d\u0438\u044f \u0440\u0430\u0437\u043c\u0435\u0440\u043e\u0432 \u0438 \u043f\u043e\u043c\u0435\u0449\u0435\u043d\u0438\u044f, \u0430 \u0442\u0430\u043a\u0436\u0435 \u043c\u0430\u0442\u0435\u0440\u0438\u0430\u043b\u043e\u0432 \u0438 \u043a\u0440\u0430\u0441\u043e\u043a. \u041c\u0435\u0431\u0435\u043b\u044c \u0434\u043e\u043b\u0436\u043d\u0430 \u0442\u043e\u0447\u043d\u043e \u043f\u043e\u0434\u0445\u043e\u0434\u0438\u0442\u044c \u0434\u043b\u044f \u0432\u0430\u0448\u0435\u0433\u043e \u0434\u043e\u043c\u0430. \u0415\u0441\u043b\u0438 \u0432\u044b \u0432 \u0447\u0435\u043c-\u0442\u043e \u043d\u0435 \u0443\u0432\u0435\u0440\u0435\u043d\u044b, \u043e\u0431\u0441\u0443\u0434\u0438\u0442\u0435 \u0441 \u043d\u0430\u0448\u0435\u0439 \u043a\u043e\u043c\u0430\u043d\u0434\u043e\u0439, \u043a\u0430\u043a \u043d\u0430\u0438\u043b\u0443\u0447\u0448\u0438\u043c \u043e\u0431\u0440\u0430\u0437\u043e\u043c \u0441\u0432\u044f\u0437\u0430\u0442\u044c \u0438 \u043e\u043f\u0442\u0438\u043c\u0438\u0437\u0438\u0440\u043e\u0432\u0430\u0442\u044c \u043f\u0440\u043e\u0441\u0442\u0440\u0430\u043d\u0441\u0442\u0432\u043e.<\/p>","protected":false},"author":3,"featured_media":0,"parent":0,"menu_order":0,"comment_status":"closed","ping_status":"closed","template":"","meta":{"_editorskit_title_hidden":false,"_editorskit_reading_time":1,"_editorskit_is_block_options_detached":false,"_editorskit_block_options_position":"{}","footnotes":""},"class_list":["post-516","page","type-page","status-publish","hentry"],"yoast_head":"<!-- This site is optimized with the Yoast SEO plugin v27.4 - https:\/\/yoast.com\/product\/yoast-seo-wordpress\/ -->\n<title>Lindeberg Furniture | Vastame p\u00e4ringule j\u00e4rgmisel t\u00f6\u00f6p\u00e4eval<\/title>\n<meta name=\"description\" content=\"Aitame luua m\u00f6\u00f6bli, mis sobib just sinu elustiiliga ja v\u00e4ljendab sinu isikup\u00e4ra. Meie kogenud meistrid jagavad heameelega ka tehnilist n\u00f5u ja suuniseid. R\u00e4\u00e4gi meile oma soovidest, m\u00f5tleme kaasa ja aitame visualiseerida erinevaid lahendusi.\" \/>\n<meta name=\"robots\" content=\"index, follow, max-snippet:-1, max-image-preview:large, max-video-preview:-1\" \/>\n<link rel=\"canonical\" href=\"https:\/\/lindebergfurniture.ee\/ru\/hinnaparing\/\" \/>\n<meta property=\"og:locale\" content=\"ru_RU\" \/>\n<meta property=\"og:type\" content=\"article\" \/>\n<meta property=\"og:title\" content=\"Lindeberg Furniture | Vastame p\u00e4ringule j\u00e4rgmisel t\u00f6\u00f6p\u00e4eval\" \/>\n<meta property=\"og:description\" content=\"Aitame luua m\u00f6\u00f6bli, mis sobib just sinu elustiiliga ja v\u00e4ljendab sinu isikup\u00e4ra. Meie kogenud meistrid jagavad heameelega ka tehnilist n\u00f5u ja suuniseid. R\u00e4\u00e4gi meile oma soovidest, m\u00f5tleme kaasa ja aitame visualiseerida erinevaid lahendusi.\" \/>\n<meta property=\"og:url\" content=\"https:\/\/lindebergfurniture.ee\/ru\/hinnaparing\/\" \/>\n<meta property=\"og:site_name\" content=\"Lindeberg Furniture\" \/>\n<meta property=\"article:modified_time\" content=\"2024-09-16T11:13:46+00:00\" \/>\n<meta name=\"twitter:card\" content=\"summary_large_image\" \/>\n<meta name=\"twitter:label1\" content=\"\u041f\u0440\u0438\u043c\u0435\u0440\u043d\u043e\u0435 \u0432\u0440\u0435\u043c\u044f \u0434\u043b\u044f \u0447\u0442\u0435\u043d\u0438\u044f\" \/>\n\t<meta name=\"twitter:data1\" content=\"1 \u043c\u0438\u043d\u0443\u0442\u0430\" \/>\n<script type=\"application\/ld+json\" class=\"yoast-schema-graph\">{\"@context\":\"https:\\\/\\\/schema.org\",\"@graph\":[{\"@type\":\"WebPage\",\"@id\":\"https:\\\/\\\/lindebergfurniture.ee\\\/hinnaparing\\\/\",\"url\":\"https:\\\/\\\/lindebergfurniture.ee\\\/hinnaparing\\\/\",\"name\":\"Lindeberg Furniture | Vastame p\u00e4ringule j\u00e4rgmisel t\u00f6\u00f6p\u00e4eval\",\"isPartOf\":{\"@id\":\"https:\\\/\\\/lindebergfurniture.ee\\\/#website\"},\"datePublished\":\"2022-06-02T07:20:52+00:00\",\"dateModified\":\"2024-09-16T11:13:46+00:00\",\"description\":\"Aitame luua m\u00f6\u00f6bli, mis sobib just sinu elustiiliga ja v\u00e4ljendab sinu isikup\u00e4ra. Meie kogenud meistrid jagavad heameelega ka tehnilist n\u00f5u ja suuniseid. R\u00e4\u00e4gi meile oma soovidest, m\u00f5tleme kaasa ja aitame visualiseerida erinevaid lahendusi.\",\"breadcrumb\":{\"@id\":\"https:\\\/\\\/lindebergfurniture.ee\\\/hinnaparing\\\/#breadcrumb\"},\"inLanguage\":\"ru-RU\",\"potentialAction\":[{\"@type\":\"ReadAction\",\"target\":[\"https:\\\/\\\/lindebergfurniture.ee\\\/hinnaparing\\\/\"]}]},{\"@type\":\"BreadcrumbList\",\"@id\":\"https:\\\/\\\/lindebergfurniture.ee\\\/hinnaparing\\\/#breadcrumb\",\"itemListElement\":[{\"@type\":\"ListItem\",\"position\":1,\"name\":\"Avaleht\",\"item\":\"https:\\\/\\\/lindebergfurniture.ee\\\/\"},{\"@type\":\"ListItem\",\"position\":2,\"name\":\"Vastame p\u00e4ringule j\u00e4rgmisel t\u00f6\u00f6p\u00e4eval\"}]},{\"@type\":\"WebSite\",\"@id\":\"https:\\\/\\\/lindebergfurniture.ee\\\/#website\",\"url\":\"https:\\\/\\\/lindebergfurniture.ee\\\/\",\"name\":\"Lindeberg Furniture\",\"description\":\"Eritellimusel valmistatud m&ouml;&ouml;bel\",\"publisher\":{\"@id\":\"https:\\\/\\\/lindebergfurniture.ee\\\/#organization\"},\"potentialAction\":[{\"@type\":\"SearchAction\",\"target\":{\"@type\":\"EntryPoint\",\"urlTemplate\":\"https:\\\/\\\/lindebergfurniture.ee\\\/?s={search_term_string}\"},\"query-input\":{\"@type\":\"PropertyValueSpecification\",\"valueRequired\":true,\"valueName\":\"search_term_string\"}}],\"inLanguage\":\"ru-RU\"},{\"@type\":\"Organization\",\"@id\":\"https:\\\/\\\/lindebergfurniture.ee\\\/#organization\",\"name\":\"Lindeberg Furniture\",\"url\":\"https:\\\/\\\/lindebergfurniture.ee\\\/\",\"logo\":{\"@type\":\"ImageObject\",\"inLanguage\":\"ru-RU\",\"@id\":\"https:\\\/\\\/lindebergfurniture.ee\\\/#\\\/schema\\\/logo\\\/image\\\/\",\"url\":\"https:\\\/\\\/lindebergfurniture.ee\\\/wp-content\\\/uploads\\\/2022\\\/05\\\/lindeberg_tume.png\",\"contentUrl\":\"https:\\\/\\\/lindebergfurniture.ee\\\/wp-content\\\/uploads\\\/2022\\\/05\\\/lindeberg_tume.png\",\"width\":456,\"height\":453,\"caption\":\"Lindeberg Furniture\"},\"image\":{\"@id\":\"https:\\\/\\\/lindebergfurniture.ee\\\/#\\\/schema\\\/logo\\\/image\\\/\"}}]}<\/script>\n<!-- \/ Yoast SEO plugin. -->","yoast_head_json":{"title":"Lindeberg Furniture | Vastame p\u00e4ringule j\u00e4rgmisel t\u00f6\u00f6p\u00e4eval","description":"\u041c\u044b \u043f\u043e\u043c\u043e\u0436\u0435\u043c \u0441\u043e\u0437\u0434\u0430\u0442\u044c \u043c\u0435\u0431\u0435\u043b\u044c, \u043a\u043e\u0442\u043e\u0440\u0430\u044f \u043f\u043e\u0434\u0445\u043e\u0434\u0438\u0442 \u0438\u043c\u0435\u043d\u043d\u043e \u0432\u0430\u0448\u0435\u043c\u0443 \u0441\u0442\u0438\u043b\u044e \u0436\u0438\u0437\u043d\u0438 \u0438 \u043e\u0442\u0440\u0430\u0436\u0430\u0435\u0442 \u0432\u0430\u0448\u0443 \u0438\u043d\u0434\u0438\u0432\u0438\u0434\u0443\u0430\u043b\u044c\u043d\u043e\u0441\u0442\u044c. \u041d\u0430\u0448\u0438 \u043e\u043f\u044b\u0442\u043d\u044b\u0435 \u043c\u0430\u0441\u0442\u0435\u0440\u0430 \u0441 \u0443\u0434\u043e\u0432\u043e\u043b\u044c\u0441\u0442\u0432\u0438\u0435\u043c \u043f\u043e\u0434\u0435\u043b\u044f\u0442\u0441\u044f \u0442\u0435\u0445\u043d\u0438\u0447\u0435\u0441\u043a\u0438\u043c\u0438 \u0441\u043e\u0432\u0435\u0442\u0430\u043c\u0438 \u0438 \u0440\u0435\u043a\u043e\u043c\u0435\u043d\u0434\u0430\u0446\u0438\u044f\u043c\u0438. \u0420\u0430\u0441\u0441\u043a\u0430\u0436\u0438\u0442\u0435 \u043e \u0441\u0432\u043e\u0438\u0445 \u043f\u043e\u0436\u0435\u043b\u0430\u043d\u0438\u044f\u0445, \u043c\u044b \u043f\u043e\u0434\u0443\u043c\u0430\u0435\u043c \u0432\u043c\u0435\u0441\u0442\u0435 \u0438 \u043f\u043e\u043c\u043e\u0436\u0435\u043c \u0432\u0438\u0437\u0443\u0430\u043b\u0438\u0437\u0438\u0440\u043e\u0432\u0430\u0442\u044c \u0440\u0430\u0437\u043b\u0438\u0447\u043d\u044b\u0435 \u0440\u0435\u0448\u0435\u043d\u0438\u044f.","robots":{"index":"index","follow":"follow","max-snippet":"max-snippet:-1","max-image-preview":"max-image-preview:large","max-video-preview":"max-video-preview:-1"},"canonical":"https:\/\/lindebergfurniture.ee\/ru\/hinnaparing\/","og_locale":"ru_RU","og_type":"article","og_title":"Lindeberg Furniture | Vastame p\u00e4ringule j\u00e4rgmisel t\u00f6\u00f6p\u00e4eval","og_description":"Aitame luua m\u00f6\u00f6bli, mis sobib just sinu elustiiliga ja v\u00e4ljendab sinu isikup\u00e4ra. Meie kogenud meistrid jagavad heameelega ka tehnilist n\u00f5u ja suuniseid. R\u00e4\u00e4gi meile oma soovidest, m\u00f5tleme kaasa ja aitame visualiseerida erinevaid lahendusi.","og_url":"https:\/\/lindebergfurniture.ee\/ru\/hinnaparing\/","og_site_name":"Lindeberg Furniture","article_modified_time":"2024-09-16T11:13:46+00:00","twitter_card":"summary_large_image","twitter_misc":{"\u041f\u0440\u0438\u043c\u0435\u0440\u043d\u043e\u0435 \u0432\u0440\u0435\u043c\u044f \u0434\u043b\u044f \u0447\u0442\u0435\u043d\u0438\u044f":"1 \u043c\u0438\u043d\u0443\u0442\u0430"},"schema":{"@context":"https:\/\/schema.org","@graph":[{"@type":"WebPage","@id":"https:\/\/lindebergfurniture.ee\/hinnaparing\/","url":"https:\/\/lindebergfurniture.ee\/hinnaparing\/","name":"Lindeberg Furniture | Vastame p\u00e4ringule j\u00e4rgmisel t\u00f6\u00f6p\u00e4eval","isPartOf":{"@id":"https:\/\/lindebergfurniture.ee\/#website"},"datePublished":"2022-06-02T07:20:52+00:00","dateModified":"2024-09-16T11:13:46+00:00","description":"\u041c\u044b \u043f\u043e\u043c\u043e\u0436\u0435\u043c \u0441\u043e\u0437\u0434\u0430\u0442\u044c \u043c\u0435\u0431\u0435\u043b\u044c, \u043a\u043e\u0442\u043e\u0440\u0430\u044f \u043f\u043e\u0434\u0445\u043e\u0434\u0438\u0442 \u0438\u043c\u0435\u043d\u043d\u043e \u0432\u0430\u0448\u0435\u043c\u0443 \u0441\u0442\u0438\u043b\u044e \u0436\u0438\u0437\u043d\u0438 \u0438 \u043e\u0442\u0440\u0430\u0436\u0430\u0435\u0442 \u0432\u0430\u0448\u0443 \u0438\u043d\u0434\u0438\u0432\u0438\u0434\u0443\u0430\u043b\u044c\u043d\u043e\u0441\u0442\u044c. \u041d\u0430\u0448\u0438 \u043e\u043f\u044b\u0442\u043d\u044b\u0435 \u043c\u0430\u0441\u0442\u0435\u0440\u0430 \u0441 \u0443\u0434\u043e\u0432\u043e\u043b\u044c\u0441\u0442\u0432\u0438\u0435\u043c \u043f\u043e\u0434\u0435\u043b\u044f\u0442\u0441\u044f \u0442\u0435\u0445\u043d\u0438\u0447\u0435\u0441\u043a\u0438\u043c\u0438 \u0441\u043e\u0432\u0435\u0442\u0430\u043c\u0438 \u0438 \u0440\u0435\u043a\u043e\u043c\u0435\u043d\u0434\u0430\u0446\u0438\u044f\u043c\u0438. \u0420\u0430\u0441\u0441\u043a\u0430\u0436\u0438\u0442\u0435 \u043e \u0441\u0432\u043e\u0438\u0445 \u043f\u043e\u0436\u0435\u043b\u0430\u043d\u0438\u044f\u0445, \u043c\u044b \u043f\u043e\u0434\u0443\u043c\u0430\u0435\u043c \u0432\u043c\u0435\u0441\u0442\u0435 \u0438 \u043f\u043e\u043c\u043e\u0436\u0435\u043c \u0432\u0438\u0437\u0443\u0430\u043b\u0438\u0437\u0438\u0440\u043e\u0432\u0430\u0442\u044c \u0440\u0430\u0437\u043b\u0438\u0447\u043d\u044b\u0435 \u0440\u0435\u0448\u0435\u043d\u0438\u044f.","breadcrumb":{"@id":"https:\/\/lindebergfurniture.ee\/hinnaparing\/#breadcrumb"},"inLanguage":"ru-RU","potentialAction":[{"@type":"ReadAction","target":["https:\/\/lindebergfurniture.ee\/hinnaparing\/"]}]},{"@type":"BreadcrumbList","@id":"https:\/\/lindebergfurniture.ee\/hinnaparing\/#breadcrumb","itemListElement":[{"@type":"ListItem","position":1,"name":"Avaleht","item":"https:\/\/lindebergfurniture.ee\/"},{"@type":"ListItem","position":2,"name":"Vastame p\u00e4ringule j\u00e4rgmisel t\u00f6\u00f6p\u00e4eval"}]},{"@type":"WebSite","@id":"https:\/\/lindebergfurniture.ee\/#website","url":"https:\/\/lindebergfurniture.ee\/","name":"Lindeberg Furniture","description":"Eritellimusel valmistatud m&ouml;&ouml;bel","publisher":{"@id":"https:\/\/lindebergfurniture.ee\/#organization"},"potentialAction":[{"@type":"SearchAction","target":{"@type":"EntryPoint","urlTemplate":"https:\/\/lindebergfurniture.ee\/?s={search_term_string}"},"query-input":{"@type":"PropertyValueSpecification","valueRequired":true,"valueName":"search_term_string"}}],"inLanguage":"ru-RU"},{"@type":"Organization","@id":"https:\/\/lindebergfurniture.ee\/#organization","name":"Lindeberg Furniture","url":"https:\/\/lindebergfurniture.ee\/","logo":{"@type":"ImageObject","inLanguage":"ru-RU","@id":"https:\/\/lindebergfurniture.ee\/#\/schema\/logo\/image\/","url":"https:\/\/lindebergfurniture.ee\/wp-content\/uploads\/2022\/05\/lindeberg_tume.png","contentUrl":"https:\/\/lindebergfurniture.ee\/wp-content\/uploads\/2022\/05\/lindeberg_tume.png","width":456,"height":453,"caption":"Lindeberg Furniture"},"image":{"@id":"https:\/\/lindebergfurniture.ee\/#\/schema\/logo\/image\/"}}]}},"_links":{"self":[{"href":"https:\/\/lindebergfurniture.ee\/ru\/wp-json\/wp\/v2\/pages\/516","targetHints":{"allow":["GET"]}}],"collection":[{"href":"https:\/\/lindebergfurniture.ee\/ru\/wp-json\/wp\/v2\/pages"}],"about":[{"href":"https:\/\/lindebergfurniture.ee\/ru\/wp-json\/wp\/v2\/types\/page"}],"author":[{"embeddable":true,"href":"https:\/\/lindebergfurniture.ee\/ru\/wp-json\/wp\/v2\/users\/3"}],"replies":[{"embeddable":true,"href":"https:\/\/lindebergfurniture.ee\/ru\/wp-json\/wp\/v2\/comments?post=516"}],"version-history":[{"count":138,"href":"https:\/\/lindebergfurniture.ee\/ru\/wp-json\/wp\/v2\/pages\/516\/revisions"}],"predecessor-version":[{"id":12119,"href":"https:\/\/lindebergfurniture.ee\/ru\/wp-json\/wp\/v2\/pages\/516\/revisions\/12119"}],"wp:attachment":[{"href":"https:\/\/lindebergfurniture.ee\/ru\/wp-json\/wp\/v2\/media?parent=516"}],"curies":[{"name":"wp","href":"https:\/\/api.w.org\/{rel}","templated":true}]}}